{"id":471,"date":"2024-04-15T07:37:33","date_gmt":"2024-04-15T07:37:33","guid":{"rendered":"https:\/\/sue-siegenthaler.ch\/insel\/?page_id=471"},"modified":"2024-12-26T10:09:44","modified_gmt":"2024-12-26T10:09:44","slug":"presse-und-publikationen","status":"publish","type":"page","link":"https:\/\/sue-siegenthaler.ch\/insel\/index.php\/presse-und-publikationen\/","title":{"rendered":"Warum ich politisiere"},"content":{"rendered":"\t\t<div data-elementor-type=\"wp-page\" data-elementor-id=\"471\" class=\"elementor elementor-471\" data-elementor-post-type=\"page\">\n\t\t\t\t<div class=\"elementor-element elementor-element-5096b2d e-flex e-con-boxed e-con e-parent\" data-id=\"5096b2d\" data-element_type=\"container\" data-settings=\"{&quot;background_background&quot;:&quot;classic&quot;}\">\n\t\t\t\t\t<div class=\"e-con-inner\">\n\t\t<div class=\"elementor-element elementor-element-a11e172 e-flex e-con-boxed e-con e-child\" data-id=\"a11e172\" data-element_type=\"container\" data-settings=\"{&quot;background_background&quot;:&quot;classic&quot;}\">\n\t\t\t\t\t<div class=\"e-con-inner\">\n\t\t\t\t<div class=\"elementor-element elementor-element-d3b9d0e elementor-widget elementor-widget-heading\" data-id=\"d3b9d0e\" data-element_type=\"widget\" data-widget_type=\"heading.default\">\n\t\t\t\t<div class=\"elementor-widget-container\">\n\t\t\t\t\t<h2 class=\"elementor-heading-title elementor-size-default\">Warum ich politisiere<\/h2>\t\t\t\t<\/div>\n\t\t\t\t<\/div>\n\t\t\t\t\t<\/div>\n\t\t\t\t<\/div>\n\t\t\t\t\t<\/div>\n\t\t\t\t<\/div>\n\t\t<div class=\"elementor-element elementor-element-fbbda7b e-flex e-con-boxed e-con e-parent\" data-id=\"fbbda7b\" data-element_type=\"container\" data-settings=\"{&quot;background_background&quot;:&quot;classic&quot;}\">\n\t\t\t\t\t<div class=\"e-con-inner\">\n\t\t<div class=\"elementor-element elementor-element-976c846 e-flex e-con-boxed e-con e-child\" data-id=\"976c846\" data-element_type=\"container\" data-settings=\"{&quot;background_background&quot;:&quot;classic&quot;}\">\n\t\t\t\t\t<div class=\"e-con-inner\">\n\t\t<div class=\"elementor-element elementor-element-3b3feff e-con-full e-flex e-con e-child\" data-id=\"3b3feff\" data-element_type=\"container\">\n\t\t\t\t<div class=\"elementor-element elementor-element-bbcb57d elementor-widget elementor-widget-text-editor\" data-id=\"bbcb57d\" data-element_type=\"widget\" data-widget_type=\"text-editor.default\">\n\t\t\t\t<div class=\"elementor-widget-container\">\n\t\t\t\t\t\t\t\t\t<div id=\"u754-4\" class=\"clearfix colelem\" data-muse-uid=\"U754\" data-muse-type=\"txt_frame\" data-ibe-flags=\"txtStyleSrc\"><p id=\"u754-2\"><strong><span id=\"u754\" class=\"LinksSeite\">Warum ich politisiere &#8211; meine Anliegen<\/span><\/strong><\/p><\/div><div id=\"u756-4\" class=\"clearfix colelem\" data-muse-uid=\"U756\" data-muse-type=\"txt_frame\" data-ibe-flags=\"txtStyleSrc\"><p>Gemeinsam weiterkommen<\/p><\/div><div id=\"pu755-21\" class=\"clearfix colelem\"><div id=\"u755-21\" class=\"clearfix grpelem\" data-muse-uid=\"U755\" data-muse-type=\"txt_frame\" data-ibe-flags=\"txtStyleSrc\"><p id=\"u755-2\"><span class=\"LinksSeite\">Politik zu betreiben gibt mir die M\u00f6glichkeit, unsere<\/span><\/p><p id=\"u755-4\"><span class=\"LinksSeite\">Lebensumst\u00e4nde ein St\u00fcck weit mitzugestalten<\/span><\/p><p>\u00a0<\/p><p id=\"u755-7\"><span class=\"LinksSeite\">Frauen und Junge f\u00fcr Politik motivieren<\/span><\/p><p>\u00a0<\/p><p id=\"u755-10\"><span class=\"LinksSeite\">Selbstbestimmt leben k\u00f6nnen<\/span><\/p><p>\u00a0<\/p><p id=\"u755-13\"><span class=\"LinksSeite\">Eigenverantwortung f\u00f6rdern<\/span><\/p><p>\u00a0<\/p><p id=\"u755-16\"><span class=\"LinksSeite\">Unser liberales Gedankengut bewahren<\/span><\/p><p>\u00a0<\/p><p id=\"u755-19\"><span class=\"LinksSeite\">Gewalt pr\u00e4ventiv auch durch Kommunikation bek\u00e4mpfen<\/span><\/p><\/div><\/div>\t\t\t\t\t\t\t\t<\/div>\n\t\t\t\t<\/div>\n\t\t\t\t<\/div>\n\t\t<div class=\"elementor-element elementor-element-7ba549f e-con-full e-flex e-con e-child\" data-id=\"7ba549f\" data-element_type=\"container\">\n\t\t\t\t<div class=\"elementor-element elementor-element-0825a82 elementor-widget elementor-widget-text-editor\" data-id=\"0825a82\" data-element_type=\"widget\" data-widget_type=\"text-editor.default\">\n\t\t\t\t<div class=\"elementor-widget-container\">\n\t\t\t\t\t\t\t\t\t<div id=\"u754-4\" class=\"clearfix colelem\" data-muse-uid=\"U754\" data-muse-type=\"txt_frame\" data-ibe-flags=\"txtStyleSrc\"><div id=\"u756-4\" class=\"clearfix colelem\" data-muse-uid=\"U756\" data-muse-type=\"txt_frame\" data-ibe-flags=\"txtStyleSrc\"><p><strong>Gemeinsam weiterkommen<\/strong><\/p><\/div><div id=\"pu755-21\" class=\"clearfix colelem\"><div id=\"pu2883-4\" class=\"clearfix grpelem\"><div id=\"u2883-4\" class=\"clearfix colelem\" data-muse-uid=\"U2883\" data-muse-type=\"txt_frame\" data-ibe-flags=\"txtStyleSrc\"><p>Freiheit und Demokratie sind nicht selbstverst\u00e4ndlich!<\/p><\/div><p><a href=\"https:\/\/www.sue-siegenthaler.ch\/assets\/jegenstorfer-4-252.pdf\" target=\"_blank\" rel=\"noopener\"><span title=\"Unser Velo-Enganement\">Jegenstorf<\/span><span title=\"Dank, Anerkennung und Verpflichtung\">er Ausgabe 4\/2017<br \/><\/span><span title=\"Unser Velo-Enganement\">Seite 25 FDP Die Liberalen &#8222;<\/span><span id=\"u4947-5\" title=\"Unser Velo-Enganement\">Dank, Anerkennung und Verpflichtung<\/span><span title=\"Unser Velo-Enganement\">&#8222;<\/span><\/a><\/p><\/div><\/div><\/div>\t\t\t\t\t\t\t\t<\/div>\n\t\t\t\t<\/div>\n\t\t\t\t<\/div>\n\t\t\t\t\t<\/div>\n\t\t\t\t<\/div>\n\t\t\t\t\t<\/div>\n\t\t\t\t<\/div>\n\t\t\t\t<\/div>\n\t\t","protected":false},"excerpt":{"rendered":"<p>Warum ich politisiere Warum ich politisiere &#8211; meine Anliegen Gemeinsam weiterkommen Politik zu betreiben gibt mir die M\u00f6glichkeit, unsere Lebensumst\u00e4nde ein St\u00fcck weit mitzugestalten \u00a0 Frauen und Junge f\u00fcr Politik motivieren \u00a0 Selbstbestimmt leben k\u00f6nnen \u00a0 Eigenverantwortung f\u00f6rdern \u00a0 Unser liberales Gedankengut bewahren \u00a0 Gewalt pr\u00e4ventiv auch durch Kommunikation bek\u00e4mpfen Gemeinsam weiterkommen Freiheit und Demokratie [&hellip;]<\/p>\n","protected":false},"author":1,"featured_media":0,"parent":0,"menu_order":0,"comment_status":"closed","ping_status":"closed","template":"","meta":{"footnotes":""},"class_list":["post-471","page","type-page","status-publish","hentry"],"yoast_head":"<!-- This site is optimized with the Yoast SEO plugin v24.2 - https:\/\/yoast.com\/wordpress\/plugins\/seo\/ -->\n<title>Warum ich politisiere - Sue Siegenthaler<\/title>\n<meta name=\"robots\" content=\"index, follow, max-snippet:-1, max-image-preview:large, max-video-preview:-1\" \/>\n<link rel=\"canonical\" href=\"https:\/\/sue-siegenthaler.ch\/insel\/index.php\/presse-und-publikationen\/\" \/>\n<meta property=\"og:locale\" content=\"de_DE\" \/>\n<meta property=\"og:type\" content=\"article\" \/>\n<meta property=\"og:title\" content=\"Warum ich politisiere - Sue Siegenthaler\" \/>\n<meta property=\"og:description\" content=\"Warum ich politisiere Warum ich politisiere &#8211; meine Anliegen Gemeinsam weiterkommen Politik zu betreiben gibt mir die M\u00f6glichkeit, unsere Lebensumst\u00e4nde ein St\u00fcck weit mitzugestalten \u00a0 Frauen und Junge f\u00fcr Politik motivieren \u00a0 Selbstbestimmt leben k\u00f6nnen \u00a0 Eigenverantwortung f\u00f6rdern \u00a0 Unser liberales Gedankengut bewahren \u00a0 Gewalt pr\u00e4ventiv auch durch Kommunikation bek\u00e4mpfen Gemeinsam weiterkommen Freiheit und Demokratie [&hellip;]\" \/>\n<meta property=\"og:url\" content=\"https:\/\/sue-siegenthaler.ch\/insel\/index.php\/presse-und-publikationen\/\" \/>\n<meta property=\"og:site_name\" content=\"Sue Siegenthaler\" \/>\n<meta property=\"article:modified_time\" content=\"2024-12-26T10:09:44+00:00\" \/>\n<meta name=\"twitter:card\" content=\"summary_large_image\" \/>\n<meta name=\"twitter:label1\" content=\"Gesch\u00e4tzte Lesezeit\" \/>\n\t<meta name=\"twitter:data1\" content=\"1\u00a0Minute\" \/>\n<script type=\"application\/ld+json\" class=\"yoast-schema-graph\">{\"@context\":\"https:\/\/schema.org\",\"@graph\":[{\"@type\":\"WebPage\",\"@id\":\"https:\/\/sue-siegenthaler.ch\/insel\/index.php\/presse-und-publikationen\/\",\"url\":\"https:\/\/sue-siegenthaler.ch\/insel\/index.php\/presse-und-publikationen\/\",\"name\":\"Warum ich politisiere - Sue Siegenthaler\",\"isPartOf\":{\"@id\":\"https:\/\/sue-siegenthaler.ch\/insel\/#website\"},\"datePublished\":\"2024-04-15T07:37:33+00:00\",\"dateModified\":\"2024-12-26T10:09:44+00:00\",\"breadcrumb\":{\"@id\":\"https:\/\/sue-siegenthaler.ch\/insel\/index.php\/presse-und-publikationen\/#breadcrumb\"},\"inLanguage\":\"de\",\"potentialAction\":[{\"@type\":\"ReadAction\",\"target\":[\"https:\/\/sue-siegenthaler.ch\/insel\/index.php\/presse-und-publikationen\/\"]}]},{\"@type\":\"BreadcrumbList\",\"@id\":\"https:\/\/sue-siegenthaler.ch\/insel\/index.php\/presse-und-publikationen\/#breadcrumb\",\"itemListElement\":[{\"@type\":\"ListItem\",\"position\":1,\"name\":\"Startseite\",\"item\":\"https:\/\/sue-siegenthaler.ch\/insel\/\"},{\"@type\":\"ListItem\",\"position\":2,\"name\":\"Warum ich politisiere\"}]},{\"@type\":\"WebSite\",\"@id\":\"https:\/\/sue-siegenthaler.ch\/insel\/#website\",\"url\":\"https:\/\/sue-siegenthaler.ch\/insel\/\",\"name\":\"Sue Siegenthaler\",\"description\":\"\",\"publisher\":{\"@id\":\"https:\/\/sue-siegenthaler.ch\/insel\/#organization\"},\"potentialAction\":[{\"@type\":\"SearchAction\",\"target\":{\"@type\":\"EntryPoint\",\"urlTemplate\":\"https:\/\/sue-siegenthaler.ch\/insel\/?s={search_term_string}\"},\"query-input\":{\"@type\":\"PropertyValueSpecification\",\"valueRequired\":true,\"valueName\":\"search_term_string\"}}],\"inLanguage\":\"de\"},{\"@type\":\"Organization\",\"@id\":\"https:\/\/sue-siegenthaler.ch\/insel\/#organization\",\"name\":\"Sue Siegenthaler\",\"url\":\"https:\/\/sue-siegenthaler.ch\/insel\/\",\"logo\":{\"@type\":\"ImageObject\",\"inLanguage\":\"de\",\"@id\":\"https:\/\/sue-siegenthaler.ch\/insel\/#\/schema\/logo\/image\/\",\"url\":\"https:\/\/sue-siegenthaler.ch\/insel\/wp-content\/uploads\/2024\/04\/sue-siegenthaler.svg\",\"contentUrl\":\"https:\/\/sue-siegenthaler.ch\/insel\/wp-content\/uploads\/2024\/04\/sue-siegenthaler.svg\",\"width\":705,\"height\":103,\"caption\":\"Sue Siegenthaler\"},\"image\":{\"@id\":\"https:\/\/sue-siegenthaler.ch\/insel\/#\/schema\/logo\/image\/\"}}]}<\/script>\n<!-- \/ Yoast SEO plugin. -->","yoast_head_json":{"title":"Warum ich politisiere - Sue Siegenthaler","robots":{"index":"index","follow":"follow","max-snippet":"max-snippet:-1","max-image-preview":"max-image-preview:large","max-video-preview":"max-video-preview:-1"},"canonical":"https:\/\/sue-siegenthaler.ch\/insel\/index.php\/presse-und-publikationen\/","og_locale":"de_DE","og_type":"article","og_title":"Warum ich politisiere - Sue Siegenthaler","og_description":"Warum ich politisiere Warum ich politisiere &#8211; meine Anliegen Gemeinsam weiterkommen Politik zu betreiben gibt mir die M\u00f6glichkeit, unsere Lebensumst\u00e4nde ein St\u00fcck weit mitzugestalten \u00a0 Frauen und Junge f\u00fcr Politik motivieren \u00a0 Selbstbestimmt leben k\u00f6nnen \u00a0 Eigenverantwortung f\u00f6rdern \u00a0 Unser liberales Gedankengut bewahren \u00a0 Gewalt pr\u00e4ventiv auch durch Kommunikation bek\u00e4mpfen Gemeinsam weiterkommen Freiheit und Demokratie [&hellip;]","og_url":"https:\/\/sue-siegenthaler.ch\/insel\/index.php\/presse-und-publikationen\/","og_site_name":"Sue Siegenthaler","article_modified_time":"2024-12-26T10:09:44+00:00","twitter_card":"summary_large_image","twitter_misc":{"Gesch\u00e4tzte Lesezeit":"1\u00a0Minute"},"schema":{"@context":"https:\/\/schema.org","@graph":[{"@type":"WebPage","@id":"https:\/\/sue-siegenthaler.ch\/insel\/index.php\/presse-und-publikationen\/","url":"https:\/\/sue-siegenthaler.ch\/insel\/index.php\/presse-und-publikationen\/","name":"Warum ich politisiere - Sue Siegenthaler","isPartOf":{"@id":"https:\/\/sue-siegenthaler.ch\/insel\/#website"},"datePublished":"2024-04-15T07:37:33+00:00","dateModified":"2024-12-26T10:09:44+00:00","breadcrumb":{"@id":"https:\/\/sue-siegenthaler.ch\/insel\/index.php\/presse-und-publikationen\/#breadcrumb"},"inLanguage":"de","potentialAction":[{"@type":"ReadAction","target":["https:\/\/sue-siegenthaler.ch\/insel\/index.php\/presse-und-publikationen\/"]}]},{"@type":"BreadcrumbList","@id":"https:\/\/sue-siegenthaler.ch\/insel\/index.php\/presse-und-publikationen\/#breadcrumb","itemListElement":[{"@type":"ListItem","position":1,"name":"Startseite","item":"https:\/\/sue-siegenthaler.ch\/insel\/"},{"@type":"ListItem","position":2,"name":"Warum ich politisiere"}]},{"@type":"WebSite","@id":"https:\/\/sue-siegenthaler.ch\/insel\/#website","url":"https:\/\/sue-siegenthaler.ch\/insel\/","name":"Sue Siegenthaler","description":"","publisher":{"@id":"https:\/\/sue-siegenthaler.ch\/insel\/#organization"},"potentialAction":[{"@type":"SearchAction","target":{"@type":"EntryPoint","urlTemplate":"https:\/\/sue-siegenthaler.ch\/insel\/?s={search_term_string}"},"query-input":{"@type":"PropertyValueSpecification","valueRequired":true,"valueName":"search_term_string"}}],"inLanguage":"de"},{"@type":"Organization","@id":"https:\/\/sue-siegenthaler.ch\/insel\/#organization","name":"Sue Siegenthaler","url":"https:\/\/sue-siegenthaler.ch\/insel\/","logo":{"@type":"ImageObject","inLanguage":"de","@id":"https:\/\/sue-siegenthaler.ch\/insel\/#\/schema\/logo\/image\/","url":"https:\/\/sue-siegenthaler.ch\/insel\/wp-content\/uploads\/2024\/04\/sue-siegenthaler.svg","contentUrl":"https:\/\/sue-siegenthaler.ch\/insel\/wp-content\/uploads\/2024\/04\/sue-siegenthaler.svg","width":705,"height":103,"caption":"Sue Siegenthaler"},"image":{"@id":"https:\/\/sue-siegenthaler.ch\/insel\/#\/schema\/logo\/image\/"}}]}},"_links":{"self":[{"href":"https:\/\/sue-siegenthaler.ch\/insel\/index.php\/wp-json\/wp\/v2\/pages\/471","targetHints":{"allow":["GET"]}}],"collection":[{"href":"https:\/\/sue-siegenthaler.ch\/insel\/index.php\/wp-json\/wp\/v2\/pages"}],"about":[{"href":"https:\/\/sue-siegenthaler.ch\/insel\/index.php\/wp-json\/wp\/v2\/types\/page"}],"author":[{"embeddable":true,"href":"https:\/\/sue-siegenthaler.ch\/insel\/index.php\/wp-json\/wp\/v2\/users\/1"}],"replies":[{"embeddable":true,"href":"https:\/\/sue-siegenthaler.ch\/insel\/index.php\/wp-json\/wp\/v2\/comments?post=471"}],"version-history":[{"count":58,"href":"https:\/\/sue-siegenthaler.ch\/insel\/index.php\/wp-json\/wp\/v2\/pages\/471\/revisions"}],"predecessor-version":[{"id":878,"href":"https:\/\/sue-siegenthaler.ch\/insel\/index.php\/wp-json\/wp\/v2\/pages\/471\/revisions\/878"}],"wp:attachment":[{"href":"https:\/\/sue-siegenthaler.ch\/insel\/index.php\/wp-json\/wp\/v2\/media?parent=471"}],"curies":[{"name":"wp","href":"https:\/\/api.w.org\/{rel}","templated":true}]}}